{"id":1310,"date":"2025-12-06T19:52:48","date_gmt":"2025-12-06T18:52:48","guid":{"rendered":"https:\/\/unissons.art\/?page_id=1310"},"modified":"2025-12-06T20:12:42","modified_gmt":"2025-12-06T19:12:42","slug":"ressources-pedagogiques","status":"publish","type":"page","link":"https:\/\/unissons.art\/?page_id=1310","title":{"rendered":"Ressources"},"content":{"rendered":"\n<h2 class=\"wp-block-heading\">Communication<\/h2>\n\n\n\n<p><a href=\"https:\/\/unissons.art\/wp-content\/uploads\/2025\/12\/Unissons-logo_slogan.pdf\" target=\"_blank\" rel=\"noreferrer noopener\">Affiche avec logo, slogan et site web<\/a> (<a href=\"https:\/\/unissons.art\/wp-content\/uploads\/2025\/12\/Unissons-logo.png\" target=\"_blank\" rel=\"noreferrer noopener\">logo seul<\/a>)<\/p>\n\n\n\n<p><a href=\"https:\/\/unissons.art\/wp-content\/uploads\/2025\/12\/Unissons-presentation.pdf\" target=\"_blank\" rel=\"noreferrer noopener\">Affiche de pr\u00e9sentation de l&rsquo;association<\/a><\/p>\n\n\n\n<p><a href=\"https:\/\/e.pcloud.link\/publink\/show?code=XZE26AZuqzaJC0jJwjYyHHomPXwChokCKlV\" target=\"_blank\" rel=\"noreferrer noopener\">L&rsquo;article du Parisien<\/a><\/p>\n\n\n\n<p><a href=\"https:\/\/unissons.art\/wp-content\/uploads\/2025\/12\/flyer-2024-x6.pdf\" data-type=\"link\" data-id=\"https:\/\/unissons.art\/wp-content\/uploads\/2025\/12\/flyer-2024-x6.pdf\" target=\"_blank\" rel=\"noreferrer noopener\">Cartes de visites \u00e0 diffuser<\/a><\/p>\n\n\n\n<figure class=\"wp-block-gallery has-nested-images columns-4 is-cropped wp-block-gallery-1 is-layout-flex wp-block-gallery-is-layout-flex\">\n<figure class=\"wp-block-image size-large\"><img loading=\"lazy\" decoding=\"async\" width=\"595\" height=\"841\" data-id=\"1322\" src=\"https:\/\/unissons.art\/wp-content\/uploads\/2025\/12\/com-Unissons-logo_slogan.jpg\" alt=\"\" class=\"wp-image-1322\" srcset=\"https:\/\/unissons.art\/wp-content\/uploads\/2025\/12\/com-Unissons-logo_slogan.jpg 595w, https:\/\/unissons.art\/wp-content\/uploads\/2025\/12\/com-Unissons-logo_slogan-212x300.jpg 212w\" sizes=\"auto, (max-width: 595px) 100vw, 595px\" \/><\/figure>\n\n\n\n<figure class=\"wp-block-image size-large\"><img loading=\"lazy\" decoding=\"async\" width=\"595\" height=\"841\" data-id=\"1324\" src=\"https:\/\/unissons.art\/wp-content\/uploads\/2025\/12\/com-Unissons-presentation.jpg\" alt=\"\" class=\"wp-image-1324\" srcset=\"https:\/\/unissons.art\/wp-content\/uploads\/2025\/12\/com-Unissons-presentation.jpg 595w, https:\/\/unissons.art\/wp-content\/uploads\/2025\/12\/com-Unissons-presentation-212x300.jpg 212w\" sizes=\"auto, (max-width: 595px) 100vw, 595px\" \/><\/figure>\n\n\n\n<figure class=\"wp-block-image size-large\"><img loading=\"lazy\" decoding=\"async\" width=\"492\" height=\"657\" data-id=\"1323\" src=\"https:\/\/unissons.art\/wp-content\/uploads\/2025\/12\/com-le_parisien.jpg\" alt=\"\" class=\"wp-image-1323\" srcset=\"https:\/\/unissons.art\/wp-content\/uploads\/2025\/12\/com-le_parisien.jpg 492w, https:\/\/unissons.art\/wp-content\/uploads\/2025\/12\/com-le_parisien-225x300.jpg 225w\" sizes=\"auto, (max-width: 492px) 100vw, 492px\" \/><\/figure>\n\n\n\n<figure class=\"wp-block-image size-large\"><img loading=\"lazy\" decoding=\"async\" width=\"595\" height=\"841\" data-id=\"1321\" src=\"https:\/\/unissons.art\/wp-content\/uploads\/2025\/12\/com-flyer-2024-x6.jpg\" alt=\"\" class=\"wp-image-1321\" srcset=\"https:\/\/unissons.art\/wp-content\/uploads\/2025\/12\/com-flyer-2024-x6.jpg 595w, https:\/\/unissons.art\/wp-content\/uploads\/2025\/12\/com-flyer-2024-x6-212x300.jpg 212w\" sizes=\"auto, (max-width: 595px) 100vw, 595px\" \/><\/figure>\n<\/figure>\n\n\n\n<h2 class=\"wp-block-heading\">Affiches p\u00e9dagogiques<\/h2>\n\n\n\n<p>Une liste d&rsquo;affiches r\u00e9alis\u00e9e par Claudia, pour d\u00e9couvrir le piano !<\/p>\n\n\n\n<p><a href=\"https:\/\/e.pcloud.link\/publink\/show?code=XZP26AZanJfh4nspEjK42WwoDBxiX02ObMk\" target=\"_blank\" rel=\"noreferrer noopener\">T\u00e9l\u00e9charger les affiches au format PDF<\/a><\/p>\n\n\n\n<figure class=\"wp-block-gallery has-nested-images columns-5 is-cropped wp-block-gallery-2 is-layout-flex wp-block-gallery-is-layout-flex\">\n<figure class=\"wp-block-image size-large\"><img loading=\"lazy\" decoding=\"async\" width=\"594\" height=\"841\" data-id=\"1311\" src=\"https:\/\/unissons.art\/wp-content\/uploads\/2025\/12\/RP-entretenir.jpg\" alt=\"\" class=\"wp-image-1311\" srcset=\"https:\/\/unissons.art\/wp-content\/uploads\/2025\/12\/RP-entretenir.jpg 594w, https:\/\/unissons.art\/wp-content\/uploads\/2025\/12\/RP-entretenir-212x300.jpg 212w\" sizes=\"auto, (max-width: 594px) 100vw, 594px\" \/><\/figure>\n\n\n\n<figure class=\"wp-block-image size-large\"><img loading=\"lazy\" decoding=\"async\" width=\"594\" height=\"841\" data-id=\"1312\" src=\"https:\/\/unissons.art\/wp-content\/uploads\/2025\/12\/RP-interieur.jpg\" alt=\"\" class=\"wp-image-1312\" srcset=\"https:\/\/unissons.art\/wp-content\/uploads\/2025\/12\/RP-interieur.jpg 594w, https:\/\/unissons.art\/wp-content\/uploads\/2025\/12\/RP-interieur-212x300.jpg 212w\" sizes=\"auto, (max-width: 594px) 100vw, 594px\" \/><\/figure>\n\n\n\n<figure class=\"wp-block-image size-large\"><img loading=\"lazy\" decoding=\"async\" width=\"594\" height=\"841\" data-id=\"1313\" src=\"https:\/\/unissons.art\/wp-content\/uploads\/2025\/12\/RP-notes.jpg\" alt=\"\" class=\"wp-image-1313\" srcset=\"https:\/\/unissons.art\/wp-content\/uploads\/2025\/12\/RP-notes.jpg 594w, https:\/\/unissons.art\/wp-content\/uploads\/2025\/12\/RP-notes-212x300.jpg 212w\" sizes=\"auto, (max-width: 594px) 100vw, 594px\" \/><\/figure>\n\n\n\n<figure class=\"wp-block-image size-large\"><img loading=\"lazy\" decoding=\"async\" width=\"594\" height=\"841\" data-id=\"1315\" src=\"https:\/\/unissons.art\/wp-content\/uploads\/2025\/12\/RP-piano.jpg\" alt=\"\" class=\"wp-image-1315\" srcset=\"https:\/\/unissons.art\/wp-content\/uploads\/2025\/12\/RP-piano.jpg 594w, https:\/\/unissons.art\/wp-content\/uploads\/2025\/12\/RP-piano-212x300.jpg 212w\" sizes=\"auto, (max-width: 594px) 100vw, 594px\" \/><\/figure>\n\n\n\n<figure class=\"wp-block-image size-large\"><img loading=\"lazy\" decoding=\"async\" width=\"594\" height=\"841\" data-id=\"1314\" src=\"https:\/\/unissons.art\/wp-content\/uploads\/2025\/12\/RP-touche_au_son.jpg\" alt=\"\" class=\"wp-image-1314\" srcset=\"https:\/\/unissons.art\/wp-content\/uploads\/2025\/12\/RP-touche_au_son.jpg 594w, https:\/\/unissons.art\/wp-content\/uploads\/2025\/12\/RP-touche_au_son-212x300.jpg 212w\" sizes=\"auto, (max-width: 594px) 100vw, 594px\" \/><\/figure>\n<\/figure>\n\n\n\n<p><\/p>\n","protected":false},"excerpt":{"rendered":"<p>Communication Affiche avec logo, slogan et site web (logo seul) Affiche de pr\u00e9sentation de l&rsquo;association L&rsquo;article du Parisien Cartes de visites \u00e0 diffuser Affiches p\u00e9dagogiques Une liste d&rsquo;affiches r\u00e9alis\u00e9e par Claudia, pour d\u00e9couvrir le piano ! T\u00e9l\u00e9charger les affiches au format PDF<\/p>\n","protected":false},"author":2,"featured_media":0,"parent":0,"menu_order":0,"comment_status":"closed","ping_status":"closed","template":"","meta":{"footnotes":""},"class_list":["post-1310","page","type-page","status-publish"],"_links":{"self":[{"href":"https:\/\/unissons.art\/index.php?rest_route=\/wp\/v2\/pages\/1310","targetHints":{"allow":["GET"]}}],"collection":[{"href":"https:\/\/unissons.art\/index.php?rest_route=\/wp\/v2\/pages"}],"about":[{"href":"https:\/\/unissons.art\/index.php?rest_route=\/wp\/v2\/types\/page"}],"author":[{"embeddable":true,"href":"https:\/\/unissons.art\/index.php?rest_route=\/wp\/v2\/users\/2"}],"replies":[{"embeddable":true,"href":"https:\/\/unissons.art\/index.php?rest_route=%2Fwp%2Fv2%2Fcomments&post=1310"}],"version-history":[{"count":3,"href":"https:\/\/unissons.art\/index.php?rest_route=\/wp\/v2\/pages\/1310\/revisions"}],"predecessor-version":[{"id":1327,"href":"https:\/\/unissons.art\/index.php?rest_route=\/wp\/v2\/pages\/1310\/revisions\/1327"}],"wp:attachment":[{"href":"https:\/\/unissons.art\/index.php?rest_route=%2Fwp%2Fv2%2Fmedia&parent=1310"}],"curies":[{"name":"wp","href":"https:\/\/api.w.org\/{rel}","templated":true}]}}